{"id":411,"date":"2021-04-01T10:51:13","date_gmt":"2021-04-01T10:51:13","guid":{"rendered":"http:\/\/anprof.es\/?page_id=411"},"modified":"2021-04-01T11:00:49","modified_gmt":"2021-04-01T11:00:49","slug":"fiscal-2","status":"publish","type":"page","link":"https:\/\/anprof.es\/?page_id=411","title":{"rendered":"Fiscal"},"content":{"rendered":"\n[et_pb_section fb_built=\u00bb1&#8243; admin_label=\u00bbHeader\u00bb _builder_version=\u00bb4.4.8&#8243; use_background_color_gradient=\u00bbon\u00bb background_color_gradient_start=\u00bbrgba(0,19,46,0.6)\u00bb background_color_gradient_end=\u00bbrgba(0,19,46,0.6)\u00bb background_color_gradient_overlays_image=\u00bbon\u00bb background_image=\u00bbhttps:\/\/anprof.es\/wp-content\/uploads\/2021\/04\/fiscal.jpg\u00bb custom_padding=\u00bb||||false|false\u00bb][et_pb_row _builder_version=\u00bb4.4.3&#8243;][et_pb_column type=\u00bb4_4&#8243; _builder_version=\u00bb4.4.3&#8243;][et_pb_text _builder_version=\u00bb4.4.8&#8243; header_font=\u00bbDarker Grotesque|900|||||||\u00bb header_font_size=\u00bb100px\u00bb background_layout=\u00bbdark\u00bb max_width=\u00bb760px\u00bb custom_margin=\u00bb||||false|false\u00bb header_font_size_tablet=\u00bb70px\u00bb header_font_size_phone=\u00bb60px\u00bb header_font_size_last_edited=\u00bbon|phone\u00bb]<h1>Asesor\u00eda Fiscal<\/h1>[\/et_pb_text][\/et_pb_column][\/et_pb_row][\/et_pb_section][et_pb_section fb_built=\u00bb1&#8243; admin_label=\u00bbAbout\u00bb _builder_version=\u00bb4.4.3&#8243; background_image=\u00bbhttps:\/\/anprof.es\/wp-content\/uploads\/2021\/04\/financial-advisor-18.png\u00bb background_size=\u00bbinitial\u00bb background_position=\u00bbtop_center\u00bb][et_pb_row custom_padding_last_edited=\u00bbon|desktop\u00bb _builder_version=\u00bb4.4.8&#8243; custom_padding=\u00bb0px|1px|||false|false\u00bb custom_padding_tablet=\u00bb|0px|||false|false\u00bb custom_padding_phone=\u00bb\u00bb][et_pb_column type=\u00bb4_4&#8243; _builder_version=\u00bb4.4.3&#8243;][et_pb_text _builder_version=\u00bb4.4.8&#8243;]<p>Nuestra asesor\u00eda fiscal est\u00e1 formada por un equipo de profesionales con una dilatada experiencia y formaci\u00f3n actualizada. Confeccionamos, presentamos y gestionamos todo tipo de impuestos y recursos administrativos. Reduce tu carga fiscal y maximiza el ahorro.<\/p>\n<p><span style=\"font-size: large;\"><strong>Auditor\u00eda fiscal y recursos administrativos<\/strong><\/span><\/p>\n<p>Asesores fiscales y tributarios.<br \/>Asistencia, representaci\u00f3n y defensa.<br \/>Recursos administrativos.<br \/>Comprobaciones tributarias.<br \/>Presentaci\u00f3n y tramitaci\u00f3n de escritos y consultas ante la Administraci\u00f3n Tributaria.<br \/>Gesti\u00f3n aplazamientos<br \/>Representaci\u00f3n ante la Agencia Tributaria.<br \/>Servicios de consultor\u00eda tributaria.<\/p>\n<p><span style=\"font-size: large;\"><strong>Gesti\u00f3n de impuestos<\/strong><\/span><\/p>\n<p>Definici\u00f3n de la pol\u00edtica fiscal y planificaci\u00f3n de las operaciones.<br \/>Auditoria fiscal de empresas.<br \/>Elaboraci\u00f3n, presentaci\u00f3n y dep\u00f3sito de cuentas anuales.<br \/>Asesoramiento fiscal a empresas, asociaciones, fundaciones, agencias de viajes, sector inmobiliario, farmacias, etc.<br \/>Confecci\u00f3n y presentaci\u00f3n de las declaraciones de IVA, Impuesto de Sociedades, Renta, No Residentes, censos, impuestos especiales, aduanas, Impuesto Actividades Econ\u00f3micas, Impuesto Sucesiones, herencias.<br \/>Modelo 720. Declaraci\u00f3n de bienes y derechos en el extranjero.<br \/>Retenci\u00f3n y pago a cuenta de impuestos.<br \/>Presentaci\u00f3n de impuestos de forma telem\u00e1tica.<\/p>\n<p><span style=\"font-size: large;\"><strong>Otros servicios de asesoramiento para empresa<\/strong><\/span><\/p>\n<p>Asesoramiento para grupos empresariales: consolidaci\u00f3n, estructura, holding.<br \/>Precios de transferencia.<br \/>Promoci\u00f3n inmobiliaria.<br \/>Expertos en asesoramiento internacional.<\/p>[\/et_pb_text][\/et_pb_column][\/et_pb_row][\/et_pb_section]\n","protected":false},"excerpt":{"rendered":"<p>Asesor\u00eda FiscalNuestra asesor\u00eda fiscal est\u00e1 formada por un equipo de profesionales con una dilatada experiencia y formaci\u00f3n actualizada. Confeccionamos, presentamos y gestionamos todo tipo de impuestos y recursos administrativos. Reduce tu carga fiscal y maximiza el ahorro. Auditor\u00eda fiscal y recursos administrativos Asesores fiscales y tributarios.Asistencia, representaci\u00f3n y defensa.Recursos administrativos.Comprobaciones tributarias.Presentaci\u00f3n y tramitaci\u00f3n de escritos [&hellip;]<\/p>\n","protected":false},"author":1,"featured_media":0,"parent":0,"menu_order":2,"comment_status":"closed","ping_status":"closed","template":"","meta":{"_et_pb_use_builder":"on","_et_pb_old_content":"","_et_gb_content_width":"","footnotes":""},"class_list":["post-411","page","type-page","status-publish","hentry"],"_links":{"self":[{"href":"https:\/\/anprof.es\/index.php?rest_route=\/wp\/v2\/pages\/411","targetHints":{"allow":["GET"]}}],"collection":[{"href":"https:\/\/anprof.es\/index.php?rest_route=\/wp\/v2\/pages"}],"about":[{"href":"https:\/\/anprof.es\/index.php?rest_route=\/wp\/v2\/types\/page"}],"author":[{"embeddable":true,"href":"https:\/\/anprof.es\/index.php?rest_route=\/wp\/v2\/users\/1"}],"replies":[{"embeddable":true,"href":"https:\/\/anprof.es\/index.php?rest_route=%2Fwp%2Fv2%2Fcomments&post=411"}],"version-history":[{"count":3,"href":"https:\/\/anprof.es\/index.php?rest_route=\/wp\/v2\/pages\/411\/revisions"}],"predecessor-version":[{"id":423,"href":"https:\/\/anprof.es\/index.php?rest_route=\/wp\/v2\/pages\/411\/revisions\/423"}],"wp:attachment":[{"href":"https:\/\/anprof.es\/index.php?rest_route=%2Fwp%2Fv2%2Fmedia&parent=411"}],"curies":[{"name":"wp","href":"https:\/\/api.w.org\/{rel}","templated":true}]}}