{"id":418,"date":"2021-04-01T10:52:08","date_gmt":"2021-04-01T10:52:08","guid":{"rendered":"http:\/\/anprof.es\/?page_id=418"},"modified":"2021-04-21T08:54:39","modified_gmt":"2021-04-21T08:54:39","slug":"contable","status":"publish","type":"page","link":"https:\/\/anprof.es\/?page_id=418","title":{"rendered":"Contable"},"content":{"rendered":"\n[et_pb_section fb_built=\u00bb1&#8243; admin_label=\u00bbHeader\u00bb _builder_version=\u00bb4.4.8&#8243; use_background_color_gradient=\u00bbon\u00bb background_color_gradient_start=\u00bbrgba(0,19,46,0.6)\u00bb background_color_gradient_end=\u00bbrgba(0,19,46,0.6)\u00bb background_color_gradient_overlays_image=\u00bbon\u00bb background_image=\u00bbhttps:\/\/anprof.es\/wp-content\/uploads\/2021\/04\/contable-1-1024&#215;352-1.jpg\u00bb custom_padding=\u00bb||||false|false\u00bb][et_pb_row _builder_version=\u00bb4.4.3&#8243;][et_pb_column type=\u00bb4_4&#8243; _builder_version=\u00bb4.4.3&#8243;][et_pb_text _builder_version=\u00bb4.4.8&#8243; header_font=\u00bbDarker Grotesque|900|||||||\u00bb header_font_size=\u00bb100px\u00bb background_layout=\u00bbdark\u00bb max_width=\u00bb760px\u00bb custom_margin=\u00bb||||false|false\u00bb header_font_size_tablet=\u00bb70px\u00bb header_font_size_phone=\u00bb60px\u00bb header_font_size_last_edited=\u00bbon|phone\u00bb]<h1>Asesor\u00eda Contable<\/h1>[\/et_pb_text][\/et_pb_column][\/et_pb_row][\/et_pb_section][et_pb_section fb_built=\u00bb1&#8243; admin_label=\u00bbAbout\u00bb _builder_version=\u00bb4.4.3&#8243; background_image=\u00bbhttps:\/\/anprof.es\/wp-content\/uploads\/2021\/04\/financial-advisor-18.png\u00bb background_size=\u00bbinitial\u00bb background_position=\u00bbtop_center\u00bb][et_pb_row custom_padding_last_edited=\u00bbon|desktop\u00bb _builder_version=\u00bb4.4.8&#8243; custom_padding=\u00bb0px|1px|||false|false\u00bb custom_padding_tablet=\u00bb|0px|||false|false\u00bb custom_padding_phone=\u00bb\u00bb][et_pb_column type=\u00bb4_4&#8243; _builder_version=\u00bb4.4.3&#8243;][et_pb_text _builder_version=\u00bb4.4.8&#8243;]<p>Soluciones de asesor\u00eda y consultor\u00eda contable en contabilidad financiera, gesti\u00f3n contable, fiscalidad.<\/p>\n<p><span style=\"font-size: large;\"><strong>Gesti\u00f3n contable y auditor\u00eda contable<\/strong><\/span><\/p>\n<p>An\u00e1lisis de la gesti\u00f3n contable y administrativa.<br \/>Gestiones ante organismos p\u00fablicos.<br \/>Asesoramiento y formaci\u00f3n del personal de su departamento contable.<br \/>Preparaci\u00f3n y control presupuestario.<br \/>Aplicaci\u00f3n de normas de evaluaci\u00f3n.<\/p>\n<p><span style=\"font-size: large;\"><strong>Contabilidad financiera<\/strong><\/span><\/p>\n<p>Elaboraci\u00f3n de los estados contables y financieros.<br \/>An\u00e1lisis financiero y de costes.<br \/>An\u00e1lisis exhaustivos de balances.<\/p>\n<p><span style=\"font-size: large;\"><strong>Informes especiales<\/strong><\/span><\/p>\n<p>Informes a la matriz de sus filiales.<br \/>Implantaci\u00f3n de procedimientos anal\u00edticos y costes.<br \/>Informes personalizados por un asesor contable experto.<\/p>\n<p><span style=\"font-size: large;\"><strong>Contabilidad empresas<\/strong><\/span><\/p>\n<p>Organizaci\u00f3n de la contabilidad.<br \/>Legalizaci\u00f3n de libros contables.<br \/>Gesti\u00f3n de asientos contables, apertura y cierre del ejercicio.<br \/>Presentaci\u00f3n de libros y cuentas anuales.<br \/>Amortizaciones y provisiones.<br \/>An\u00e1lisis de datos y principales ratios.<br \/>Actualizaci\u00f3n de contabilidades atrasadas.<br \/>Estudio y revisi\u00f3n de contabilidades.<br \/>Dise\u00f1o de planes de contabilidad.<br \/>Elaboraci\u00f3n de los estados financieros.<br \/>Dep\u00f3sito de las cuentas anuales.<br \/>Contabilidad financiera.<br \/>Gesti\u00f3n contable profesional.<\/p>[\/et_pb_text][\/et_pb_column][\/et_pb_row][\/et_pb_section]\n","protected":false},"excerpt":{"rendered":"<p>Asesor\u00eda ContableSoluciones de asesor\u00eda y consultor\u00eda contable en contabilidad financiera, gesti\u00f3n contable, fiscalidad. Gesti\u00f3n contable y auditor\u00eda contable An\u00e1lisis de la gesti\u00f3n contable y administrativa.Gestiones ante organismos p\u00fablicos.Asesoramiento y formaci\u00f3n del personal de su departamento contable.Preparaci\u00f3n y control presupuestario.Aplicaci\u00f3n de normas de evaluaci\u00f3n. Contabilidad financiera Elaboraci\u00f3n de los estados contables y financieros.An\u00e1lisis financiero y de [&hellip;]<\/p>\n","protected":false},"author":1,"featured_media":0,"parent":0,"menu_order":3,"comment_status":"closed","ping_status":"closed","template":"","meta":{"_et_pb_use_builder":"on","_et_pb_old_content":"","_et_gb_content_width":"","footnotes":""},"class_list":["post-418","page","type-page","status-publish","hentry"],"_links":{"self":[{"href":"https:\/\/anprof.es\/index.php?rest_route=\/wp\/v2\/pages\/418","targetHints":{"allow":["GET"]}}],"collection":[{"href":"https:\/\/anprof.es\/index.php?rest_route=\/wp\/v2\/pages"}],"about":[{"href":"https:\/\/anprof.es\/index.php?rest_route=\/wp\/v2\/types\/page"}],"author":[{"embeddable":true,"href":"https:\/\/anprof.es\/index.php?rest_route=\/wp\/v2\/users\/1"}],"replies":[{"embeddable":true,"href":"https:\/\/anprof.es\/index.php?rest_route=%2Fwp%2Fv2%2Fcomments&post=418"}],"version-history":[{"count":4,"href":"https:\/\/anprof.es\/index.php?rest_route=\/wp\/v2\/pages\/418\/revisions"}],"predecessor-version":[{"id":680,"href":"https:\/\/anprof.es\/index.php?rest_route=\/wp\/v2\/pages\/418\/revisions\/680"}],"wp:attachment":[{"href":"https:\/\/anprof.es\/index.php?rest_route=%2Fwp%2Fv2%2Fmedia&parent=418"}],"curies":[{"name":"wp","href":"https:\/\/api.w.org\/{rel}","templated":true}]}}