{"id":437,"date":"2021-04-01T11:04:44","date_gmt":"2021-04-01T11:04:44","guid":{"rendered":"http:\/\/anprof.es\/?page_id=437"},"modified":"2021-04-01T18:52:05","modified_gmt":"2021-04-01T18:52:05","slug":"matriculaciones-2","status":"publish","type":"page","link":"https:\/\/anprof.es\/?page_id=437","title":{"rendered":"Tr\u00e1fico"},"content":{"rendered":"<p>[et_pb_section fb_built=\u00bb1&#8243; admin_label=\u00bbHeader\u00bb _builder_version=\u00bb4.4.8&#8243; use_background_color_gradient=\u00bbon\u00bb background_color_gradient_start=\u00bbrgba(0,19,46,0.6)\u00bb background_color_gradient_end=\u00bbrgba(0,19,46,0.6)\u00bb background_color_gradient_overlays_image=\u00bbon\u00bb background_image=\u00bbhttps:\/\/anprof.es\/wp-content\/uploads\/2021\/04\/matriculaciones.jpg\u00bb custom_padding=\u00bb||||false|false\u00bb][et_pb_row _builder_version=\u00bb4.4.3&#8243;][et_pb_column type=\u00bb4_4&#8243; _builder_version=\u00bb4.4.3&#8243;][et_pb_text _builder_version=\u00bb4.9.2&#8243; text_font=\u00bb|800|||||||\u00bb text_font_size=\u00bb250px\u00bb header_font=\u00bbDarker Grotesque|900|||||||\u00bb header_font_size=\u00bb100px\u00bb background_layout=\u00bbdark\u00bb max_width=\u00bb1047px\u00bb custom_margin=\u00bb||||false|false\u00bb hover_enabled=\u00bb0&#8243; header_font_size_tablet=\u00bb70px\u00bb header_font_size_phone=\u00bb60px\u00bb header_font_size_last_edited=\u00bbon|phone\u00bb sticky_enabled=\u00bb0&#8243;]<\/p>\n<h1>Transferencias Veh\u00edculos y Matriculaciones<\/h1>\n<p>[\/et_pb_text][\/et_pb_column][\/et_pb_row][\/et_pb_section][et_pb_section fb_built=\u00bb1&#8243; admin_label=\u00bbAbout\u00bb _builder_version=\u00bb4.4.3&#8243; background_image=\u00bbhttps:\/\/anprof.es\/wp-content\/uploads\/2021\/04\/financial-advisor-18.png\u00bb background_size=\u00bbinitial\u00bb background_position=\u00bbtop_center\u00bb][et_pb_row custom_padding_last_edited=\u00bbon|desktop\u00bb _builder_version=\u00bb4.4.8&#8243; custom_padding=\u00bb0px|1px|||false|false\u00bb custom_padding_tablet=\u00bb|0px|||false|false\u00bb custom_padding_phone=\u00bb\u00bb][et_pb_column type=\u00bb4_4&#8243; _builder_version=\u00bb4.4.3&#8243;][et_pb_text _builder_version=\u00bb4.4.8&#8243;]<\/p>\n<p>Si has vendido o has comprado un veh\u00edculo de segunda mano entre particulares o si lo haces a una empresa, recuerda que debes efectuar el<span>\u00a0<\/span><strong>cambio titularidad veh\u00edculo<\/strong>\u00a0en el Registro de la Direcci\u00f3n General de Tr\u00e1fico, dentro de los plazos que marca la DGT.<\/p>\n<p>Es importante antes de comenzar el tr\u00e1mite para<span>\u00a0<\/span><strong>cambiar el titular del coche<\/strong>, el vendedor deber\u00e1 cancelar cualquier limitaci\u00f3n de disposici\u00f3n que tuviera inscrita en el Registro de Bienes Muebles y<span>\u00a0<\/span><strong>liquidar el impuesto de circulaci\u00f3n<\/strong><span>\u00a0<\/span>del a\u00f1o anterior.<\/p>\n<p><span>Nos encargaremos de la presentaci\u00f3n en la Delegaci\u00f3n de Hacienda de la Comunidad Aut\u00f3noma del\u00a0<\/span><strong>impuesto de transmisiones patrimoniales<\/strong><span>\u00a0correspondiente y del registro de la transmisi\u00f3n el la\u00a0<\/span><strong>Jefatura de Tr\u00e1fico<\/strong><\/p>\n<p><span>Debes de saber que las gestor\u00edas somos las \u00fanicas que podemos realizar el tr\u00e1mite cambio titularidad vehiculo \u00a0y se puede presentar\u00a0completamente online desde nuestra oficina, y el sistema que utilizamos para ello tambi\u00e9n nos permite consultar las cargas que pueda tener el veh\u00edculo o la situaci\u00f3n del seguro del coche.<\/span><\/p>\n<p>En nuestra Gestor\u00eda puede tramitar la matriculaci\u00f3n de veh\u00edculos nuevos nacionales como de importaci\u00f3n.<\/p>\n<p>Para veh\u00edculos nacionales realizamos un precio muy competitivo. La matriculaci\u00f3n se puede realizar incluso en el momento, por lo que puede salir de la Gestor\u00eda con el Permiso Provisional de Circulaci\u00f3n. Cons\u00faltenos.<\/p>\n<p>Para veh\u00edculos de importaci\u00f3n los pasos a seguir ser\u00edan los siguientes:<\/p>\n<ul>\n<li>Pasar una ITV espa\u00f1ola, para que le den la Ficha T\u00e9cnica del veh\u00edculo espa\u00f1ola. (se pueden sacar unas placas temporales, de ser necesario) Si es posible que le anoten en la ficha lo que consume de CO2 o que se lo indiquen en el concesionario (es necesario para la liquidaci\u00f3n del Impuesto de Matriculaci\u00f3n).\u00a0Si la procedencia del veh\u00edculo es de fuera de la UE tendr\u00e1 que aportar el DUA, salvo que en la ITV le anoten la diligencia de venta.<\/li>\n<li>Pagar el IVTM del Ayuntamiento donde va a figurar domiciliado.<\/li>\n<li>Pagar el Impuesto de Matriculaci\u00f3n \/ Exenci\u00f3n (en funci\u00f3n del consumo de CO2).<\/li>\n<li>En el caso de que la titularidad sea otra persona de la que se va a matricular en Espa\u00f1a tambi\u00e9n habr\u00eda que pagar el Impuesto de Transmisiones (ITPyAJD)<br \/>Presentar en DGT<\/li>\n<\/ul>\n<p><strong>\u00bfCu\u00e1nto tarda la tramitaci\u00f3n?<\/strong><\/p>\n<p>Puede llegar a ser inmediato, emiti\u00e9ndose al momento el Permiso Temporal de Circulaci\u00f3n.<\/p>\n<p>[\/et_pb_text][\/et_pb_column][\/et_pb_row][\/et_pb_section]<\/p>\n","protected":false},"excerpt":{"rendered":"<p>Transferencias Veh\u00edculos y MatriculacionesSi has vendido o has comprado un veh\u00edculo de segunda mano entre particulares o si lo haces a una empresa, recuerda que debes efectuar el\u00a0cambio titularidad veh\u00edculo\u00a0en el Registro de la Direcci\u00f3n General de Tr\u00e1fico, dentro de los plazos que marca la DGT. Es importante antes de comenzar el tr\u00e1mite para\u00a0cambiar el [&hellip;]<\/p>\n","protected":false},"author":1,"featured_media":0,"parent":0,"menu_order":0,"comment_status":"closed","ping_status":"closed","template":"","meta":{"_et_pb_use_builder":"on","_et_pb_old_content":"","_et_gb_content_width":"","footnotes":""},"class_list":["post-437","page","type-page","status-publish","hentry"],"_links":{"self":[{"href":"https:\/\/anprof.es\/index.php?rest_route=\/wp\/v2\/pages\/437","targetHints":{"allow":["GET"]}}],"collection":[{"href":"https:\/\/anprof.es\/index.php?rest_route=\/wp\/v2\/pages"}],"about":[{"href":"https:\/\/anprof.es\/index.php?rest_route=\/wp\/v2\/types\/page"}],"author":[{"embeddable":true,"href":"https:\/\/anprof.es\/index.php?rest_route=\/wp\/v2\/users\/1"}],"replies":[{"embeddable":true,"href":"https:\/\/anprof.es\/index.php?rest_route=%2Fwp%2Fv2%2Fcomments&post=437"}],"version-history":[{"count":7,"href":"https:\/\/anprof.es\/index.php?rest_route=\/wp\/v2\/pages\/437\/revisions"}],"predecessor-version":[{"id":504,"href":"https:\/\/anprof.es\/index.php?rest_route=\/wp\/v2\/pages\/437\/revisions\/504"}],"wp:attachment":[{"href":"https:\/\/anprof.es\/index.php?rest_route=%2Fwp%2Fv2%2Fmedia&parent=437"}],"curies":[{"name":"wp","href":"https:\/\/api.w.org\/{rel}","templated":true}]}}