{"id":735,"date":"2021-08-02T16:37:40","date_gmt":"2021-08-02T16:37:40","guid":{"rendered":"https:\/\/anprof.es\/?page_id=735"},"modified":"2021-08-10T16:52:25","modified_gmt":"2021-08-10T16:52:25","slug":"consultoria-integral-empresas","status":"publish","type":"page","link":"https:\/\/anprof.es\/?page_id=735","title":{"rendered":"Consultor\u00eda Integral Empresas"},"content":{"rendered":"<p>[et_pb_section fb_built=\u00bb1&#8243; admin_label=\u00bbHeader\u00bb _builder_version=\u00bb4.4.8&#8243; use_background_color_gradient=\u00bbon\u00bb background_color_gradient_start=\u00bbrgba(0,19,46,0.6)\u00bb background_color_gradient_end=\u00bbrgba(0,19,46,0.6)\u00bb background_color_gradient_overlays_image=\u00bbon\u00bb background_image=\u00bbhttps:\/\/anprof.es\/wp-content\/uploads\/2021\/04\/fiscal.jpg\u00bb custom_padding=\u00bb||||false|false\u00bb][et_pb_row _builder_version=\u00bb4.4.3&#8243; width=\u00bb90.6%\u00bb][et_pb_column type=\u00bb4_4&#8243; _builder_version=\u00bb4.4.3&#8243;][et_pb_text _builder_version=\u00bb4.9.10&#8243; header_font=\u00bbDarker Grotesque|900|||||||\u00bb header_font_size=\u00bb100px\u00bb background_layout=\u00bbdark\u00bb max_width=\u00bb1190px\u00bb custom_margin=\u00bb||||false|false\u00bb header_font_size_tablet=\u00bb70px\u00bb header_font_size_phone=\u00bb60px\u00bb header_font_size_last_edited=\u00bbon|phone\u00bb]<\/p>\n<h1 style=\"text-align: center;\">Consultor\u00eda Integral de Empresas<\/h1>\n<p>[\/et_pb_text][\/et_pb_column][\/et_pb_row][\/et_pb_section][et_pb_section fb_built=\u00bb1&#8243; admin_label=\u00bbAbout\u00bb _builder_version=\u00bb4.4.3&#8243; background_image=\u00bbhttps:\/\/anprof.es\/wp-content\/uploads\/2021\/04\/financial-advisor-18.png\u00bb background_size=\u00bbinitial\u00bb background_position=\u00bbtop_center\u00bb][et_pb_row custom_padding_last_edited=\u00bbon|desktop\u00bb _builder_version=\u00bb4.4.8&#8243; custom_padding=\u00bb0px|1px|||false|false\u00bb custom_padding_tablet=\u00bb|0px|||false|false\u00bb custom_padding_phone=\u00bb\u00bb][et_pb_column type=\u00bb4_4&#8243; _builder_version=\u00bb4.4.3&#8243;][et_pb_text _builder_version=\u00bb4.9.10&#8243; hover_enabled=\u00bb0&#8243; sticky_enabled=\u00bb0&#8243;]<\/p>\n<p>Desarrollamos planes estrat\u00e9gicos y de mejora empresarial, acompa\u00f1amos en la Digitalizaci\u00f3n de la empresa, con propuesta y acompa\u00f1amiento en la implantaci\u00f3n de sistemas integrales de gesti\u00f3n empresarial, recursos humanos y laboral, trabajo en la nube y otras que permitan optimizaci\u00f3n en los procesos.<\/p>\n<p><span style=\"font-size: large;\"><strong>Planes Estrat\u00e9gicos y mejora empresarial.<\/strong><\/span><\/p>\n<p>Diagn\u00f3stico interno y externo. An\u00e1lisis DAFO.<br \/>Determinaci\u00f3n de objetivos y metas.<br \/>Dise\u00f1o de estrategias y Planes de Acci\u00f3n.<br \/>Implementaci\u00f3n y seguimiento.<\/p>\n<p><span style=\"font-size: large;\"><strong>Digitalizaci\u00f3n de la empresa<\/strong><\/span><\/p>\n<p>Integraci\u00f3n de nuevas tecnolog\u00edas.<br \/>Integraci\u00f3n y adaptaci\u00f3n de software de gesti\u00f3n.<br \/>Gesti\u00f3n documental.<br \/>Teletrabajo &#8211; Escritorios remotos.<br \/>Desarrollo WEB.<br \/><span style=\"font-size: large;\"><strong>Otros servicios de asesoramiento para empresa<\/strong><\/span><\/p>\n<p>Asesoramiento para grupos empresariales: consolidaci\u00f3n, estructura, holding.<br \/>Precios de transferencia.<br \/>Promoci\u00f3n inmobiliaria.<br \/>Expertos en asesoramiento internacional.<br \/>Protecci\u00f3n de datos y seguridad.<\/p>\n<p>[\/et_pb_text][\/et_pb_column][\/et_pb_row][\/et_pb_section]<\/p>\n","protected":false},"excerpt":{"rendered":"<p>Consultor\u00eda Integral de EmpresasDesarrollamos planes estrat\u00e9gicos y de mejora empresarial, acompa\u00f1amos en la Digitalizaci\u00f3n de la empresa, con propuesta y acompa\u00f1amiento en la implantaci\u00f3n de sistemas integrales de gesti\u00f3n empresarial, recursos humanos y laboral, trabajo en la nube y otras que permitan optimizaci\u00f3n en los procesos. Planes Estrat\u00e9gicos y mejora empresarial. Diagn\u00f3stico interno y externo. [&hellip;]<\/p>\n","protected":false},"author":1,"featured_media":0,"parent":0,"menu_order":0,"comment_status":"closed","ping_status":"closed","template":"","meta":{"_et_pb_use_builder":"on","_et_pb_old_content":"","_et_gb_content_width":"","footnotes":""},"class_list":["post-735","page","type-page","status-publish","hentry"],"_links":{"self":[{"href":"https:\/\/anprof.es\/index.php?rest_route=\/wp\/v2\/pages\/735","targetHints":{"allow":["GET"]}}],"collection":[{"href":"https:\/\/anprof.es\/index.php?rest_route=\/wp\/v2\/pages"}],"about":[{"href":"https:\/\/anprof.es\/index.php?rest_route=\/wp\/v2\/types\/page"}],"author":[{"embeddable":true,"href":"https:\/\/anprof.es\/index.php?rest_route=\/wp\/v2\/users\/1"}],"replies":[{"embeddable":true,"href":"https:\/\/anprof.es\/index.php?rest_route=%2Fwp%2Fv2%2Fcomments&post=735"}],"version-history":[{"count":7,"href":"https:\/\/anprof.es\/index.php?rest_route=\/wp\/v2\/pages\/735\/revisions"}],"predecessor-version":[{"id":750,"href":"https:\/\/anprof.es\/index.php?rest_route=\/wp\/v2\/pages\/735\/revisions\/750"}],"wp:attachment":[{"href":"https:\/\/anprof.es\/index.php?rest_route=%2Fwp%2Fv2%2Fmedia&parent=735"}],"curies":[{"name":"wp","href":"https:\/\/api.w.org\/{rel}","templated":true}]}}